{"id":3,"date":"2025-05-12T16:19:18","date_gmt":"2025-05-12T16:19:18","guid":{"rendered":"https:\/\/staging.automatizen.co\/?page_id=3"},"modified":"2025-05-28T00:35:44","modified_gmt":"2025-05-28T00:35:44","slug":"privacy-policy","status":"publish","type":"page","link":"https:\/\/automatizen.co\/en\/privacy-policy\/","title":{"rendered":"Privacy Policy"},"content":{"rendered":"\n<h2 class=\"wp-block-heading\">PRIVACY POLICY DI AUTOMATIZEN.CO<\/h2>\n\n\n\n<p><strong>Data di entrata in vigore: 01 maggio 2025<\/strong><\/p>\n\n\n\n<p>La presente Privacy Policy descrive come vengono raccolti, utilizzati e condivisi i dati personali degli utenti quando visitano o interagiscono con il sito web automatizen.co (di seguito, il &#8220;Sito&#8221;).<\/p>\n\n\n\n<p>Il rispetto della privacy dei nostri utenti \u00e8 di massima importanza per noi. Ci impegniamo a trattare i dati personali in modo lecito, corretto e trasparente, in conformit\u00e0 con il Regolamento (UE) 2016\/679 (GDPR) e la normativa nazionale applicabile.<\/p>\n\n\n\n<h3 class=\"wp-block-heading\">1. Titolare del Trattamento<\/h3>\n\n\n\n<p>Il Titolare del trattamento dei dati \u00e8:<\/p>\n\n\n\n<p>FineAdvisors S.r.l.<\/p>\n\n\n\n<p>Sede legale: Via della Stazione 39, 00042 Anzio (RM), Italia<\/p>\n\n\n\n<p>P.IVA: IT16086081003<\/p>\n\n\n\n<p>Numero REA: RM \u2013 1633822<\/p>\n\n\n\n<p>Capitale sociale: \u20ac 10.000,00 i.v.<\/p>\n\n\n\n<p>Numero iscrizione Registro Imprese: 16086081003<\/p>\n\n\n\n<p>Il Titolare del Trattamento pu\u00f2 essere contattato ai seguenti indirizzi:<\/p>\n\n\n\n<ul class=\"wp-block-list\">\n<li><strong>Email:<\/strong> info@fineadvisors.it<\/li>\n\n\n\n<li><strong>PEC:<\/strong> fineadvisors@pec.it<\/li>\n<\/ul>\n\n\n\n<p>Il brand <strong>AutomatiZen<\/strong> \u00e8 di propriet\u00e0 di FineAdvisors S.r.l.<\/p>\n\n\n\n<h3 class=\"wp-block-heading\">2. Tipologie di Dati Raccolti<\/h3>\n\n\n\n<p>Fra i Dati Personali raccolti da questo Sito, in modo autonomo o tramite terze parti, ci sono:<\/p>\n\n\n\n<p>a)1 Dati di Navigazione<\/p>\n\n\n\n<p>I sistemi informatici e le procedure software preposte al funzionamento di questo Sito acquisiscono, nel corso del loro normale esercizio, alcuni dati personali la cui trasmissione \u00e8 implicita nell\u2019uso dei protocolli di comunicazione di Internet. Si tratta di informazioni che non sono raccolte per essere associate a interessati identificati, ma che per loro stessa natura potrebbero, attraverso elaborazioni ed associazioni con dati detenuti da terzi, permettere di identificare gli utenti. In questa categoria di dati rientrano gli indirizzi IP, i nomi a dominio dei computer utilizzati dagli utenti che si connettono al sito, gli indirizzi in notazione URI (Uniform Resource Identifier) delle risorse richieste, l\u2019orario della richiesta, il metodo utilizzato nel sottoporre la richiesta al server, la dimensione del file ottenuto in risposta, il codice numerico indicante lo stato della risposta data dal server (buon fine, errore, ecc.) ed altri parametri relativi al sistema operativo e all\u2019ambiente informatico dell\u2019utente.<\/p>\n\n\n\n<p>b) Dati forniti volontariamente dall&#8217;utente<\/p>\n\n\n\n<p>L&#8217;invio facoltativo, esplicito e volontario di messaggi2 tramite i moduli di contatto presenti sul Sito, o agli indirizzi email del Titolare, comporta la successiva acquisizione dell&#8217;indirizzo del mittente, necessario per rispondere alle3 richieste, nonch\u00e9 degli eventuali altri dati personali inseriti nella missiva (es. nome, cognome, numero di telefono, dettagli del progetto).<\/p>\n\n\n\n<p>Specifiche informative di sintesi verranno progressivamente riportate o visualizzate nelle pagine del sito predisposte per particolari servizi a richiesta (es. iscrizione a newsletter, registrazione area riservata).<\/p>\n\n\n\n<p>c) Cookie<\/p>\n\n\n\n<p>Questo Sito utilizza Cookie. Per saperne di pi\u00f9 e per prendere visione dell\u2019informativa dettagliata, l\u2019Utente pu\u00f2 consultare la Cookie4 Policy [-&gt; INSERIRE QUI IL LINK ALLA PROPRIA COOKIE POLICY].<\/p>\n\n\n\n<h3 class=\"wp-block-heading\">3. Finalit\u00e0 e Base Giuridica del Trattamento<\/h3>\n\n\n\n<p>I Dati dell\u2019Utente sono raccolti per le seguenti finalit\u00e0 e sulla base delle seguenti basi giuridiche:<\/p>\n\n\n\n<figure class=\"wp-block-table\"><table class=\"has-fixed-layout\"><tbody><tr><td><strong>Finalit\u00e0 del Trattamento<\/strong><\/td><td><strong>Dati Trattati<\/strong><\/td><td><strong>Base Giuridica<\/strong><\/td><\/tr><tr><td><strong>Rispondere a richieste di contatto e fornire informazioni<\/strong><\/td><td>Dati comunicati dall&#8217;utente (nome, email, etc.)<\/td><td>Esecuzione di misure precontrattuali adottate su richiesta dell&#8217;interessato (art. 6, par. 1, lett. b GDPR).<\/td><\/tr><tr><td><strong>Erogare i servizi del brand AutomatiZen<\/strong><\/td><td>Dati identificativi, di contatto e di pagamento<\/td><td>Esecuzione di un contratto di cui l&#8217;interessato \u00e8 parte (art. 6, par. 1, lett. b GDPR).<\/td><\/tr><tr><td><strong>Assicurare il corretto funzionamento del Sito<\/strong><\/td><td>Dati di navigazione<\/td><td>Legittimo interesse del Titolare a garantire la sicurezza e l&#8217;operativit\u00e0 del Sito (art. 6, par. 1, lett. f GDPR).<\/td><\/tr><tr><td><strong>Adempiere a obblighi di legge<\/strong> (fiscali, contabili, amministrativi)<\/td><td>Dati anagrafici, fiscali e di fatturazione<\/td><td>Adempimento di un obbligo legale al quale \u00e8 soggetto il Titolare (art. 6, par. 1, lett. c GDPR).<\/td><\/tr><tr><td><strong>Marketing Diretto \/ Newsletter<\/strong> (invio di comunicazioni promozionali su servizi analoghi a quelli gi\u00e0 acquistati o per cui si \u00e8 mostrato interesse)<\/td><td>Indirizzo email, Nome<\/td><td>Legittimo interesse del Titolare (art. 6, par. 1, lett. f GDPR) e Art. 130, c. 4, D.Lgs 196\/03 (&#8220;soft spam&#8221;), fatta salva la possibilit\u00e0 di opporsi in ogni momento.<\/td><\/tr><tr><td><strong>Marketing Generico \/ Newsletter<\/strong> (invio di comunicazioni promozionali e materiale pubblicitario su servizi non analoghi)<\/td><td>Indirizzo email, Nome<\/td><td>Consenso specifico, libero e informato dell&#8217;interessato (art. 6, par. 1, lett. a GDPR).<\/td><\/tr><tr><td><strong>Analisi Statistica<\/strong><\/td><td>Dati di navigazione, dati aggregati<\/td><td>Legittimo interesse del Titolare a migliorare il servizio, a condizione che i dati siano trattati in forma aggregata e anonima.<\/td><\/tr><\/tbody><\/table><\/figure>\n\n\n\n<h3 class=\"wp-block-heading\">4. Modalit\u00e0 e Luogo del Trattamento<\/h3>\n\n\n\n<p>Il trattamento viene effettuato mediante strumenti informatici e\/o telematici, con modalit\u00e0 organizzative e con logiche strettamente correlate alle finalit\u00e0 indicate.<\/p>\n\n\n\n<p>Oltre al Titolare, in alcuni casi, potrebbero avere accesso ai Dati altri soggetti coinvolti nell\u2019organizzazione di questo Sito (personale amministrativo, commerciale, marketing, legali, amministratori di sistema) ovvero soggetti esterni (come fornitori di servizi tecnici terzi, hosting provider, societ\u00e0 informatiche, agenzie di comunicazione) nominati anche, se necessario, Responsabili del Trattamento da parte del Titolare. L\u2019elenco aggiornato dei Responsabili potr\u00e0 sempre essere richiesto al Titolare del Trattamento.<\/p>\n\n\n\n<p>I Dati sono trattati presso le sedi operative del Titolare ed in ogni altro luogo in cui le parti coinvolte nel trattamento siano localizzate. I dati potrebbero essere trasferiti in un paese diverso da quello in cui l&#8217;Utente si trova.<sup>5<\/sup> Per ulteriori informazioni sul luogo del trattamento, l&#8217;Utente pu\u00f2 fare riferimento alla sezione relativa ai dettagli sul trasferimento dei dati.<\/p>\n\n\n\n<h3 class=\"wp-block-heading\">5. Periodo di Conservazione<\/h3>\n\n\n\n<p>I Dati sono trattati e conservati per il tempo richiesto dalle finalit\u00e0 per le quali sono stati raccolti.<\/p>\n\n\n\n<ul class=\"wp-block-list\">\n<li>I <strong>Dati Personali raccolti per scopi collegati all\u2019esecuzione di un contratto<\/strong> tra il Titolare e l\u2019Utente saranno trattenuti sino a quando sia completata l\u2019esecuzione di tale contratto e per i successivi 10 anni per obblighi di legge (es. conservazione delle scritture contabili).<\/li>\n\n\n\n<li>I <strong>Dati Personali <\/strong>raccolti per finalit\u00e0 riconducibili al legittimo interesse del Titolare saranno trattenuti sino al soddisfacimento di tale interesse. L\u2019Utente pu\u00f2 ottenere ulteriori informazioni<sup>6<\/sup> in merito all\u2019interesse legittimo perseguito dal Titolare contattandolo.<\/li>\n\n\n\n<li>Quando il trattamento \u00e8 basato sul consenso dell&#8217;Utente<sup>7<\/sup> (es. marketing), il Titolare pu\u00f2 conservare i Dati Personali pi\u00f9 a lungo sino a quando detto consenso non venga revocato.<\/li>\n\n\n\n<li>I dati di navigazione non persistono per pi\u00f9 di sette giorni (salve eventuali necessit\u00e0 di accertamento di reati da parte dell&#8217;Autorit\u00e0 giudiziaria).<sup>8<\/sup><\/li>\n<\/ul>\n\n\n\n<p>Al termine del periodo di conservazione i Dati Personali saranno cancellati. Pertanto, allo spirare di tale termine il diritto di accesso, cancellazione, rettificazione ed il diritto alla portabilit\u00e0 dei Dati non potranno pi\u00f9 essere esercitati.<\/p>\n\n\n\n<h3 class=\"wp-block-heading\">6. Diritti dell&#8217;Interessato<sup>9<\/sup><\/h3>\n\n\n\n<p>Gli Utenti (interessati) possono esercitare determinati diritti con riferimento ai Dati trattati dal Titolare. In particolare, l\u2019Utente ha il diritto di:<\/p>\n\n\n\n<ul class=\"wp-block-list\">\n<li>Revocare il consenso in ogni momento.<sup>10<\/sup><\/li>\n\n\n\n<li>Opporsi al trattamento dei propri Dati.<\/li>\n\n\n\n<li>Accedere ai propri Dati<sup>11<\/sup> (diritto di accesso).<\/li>\n\n\n\n<li><strong>Verificare e chiedere la rettificazione<\/strong> (diritto di rettifica).<\/li>\n\n\n\n<li><strong>Ottenere la limitazione del trattamento.<\/strong><\/li>\n\n\n\n<li><strong>Ottenere la cancellazione o rimozione dei propri Dati Personali<\/strong> (diritto all&#8217;oblio).<\/li>\n\n\n\n<li><strong>Ricevere i propri Dati o farli trasferire ad altro titolare<\/strong> (diritto alla portabilit\u00e0 dei dati).<\/li>\n\n\n\n<li>Proporre reclamo all&#8217;autorit\u00e0 di controllo della protezione dei dati personali competente (per l&#8217;Italia, il Garante per la Protezione dei Dati Personali<sup>12<\/sup> &#8211; www.garanteprivacy.it).<\/li>\n<\/ul>\n\n\n\n<h3 class=\"wp-block-heading\">7. Come Esercitare i Diritti<\/h3>\n\n\n\n<p>Per esercitare i propri diritti, gli Utenti possono indirizzare una richiesta agli estremi di contatto del Titolare<sup>13<\/sup> indicati in questo documento. Le richieste sono depositate a titolo gratuito e evase dal Titolare nel pi\u00f9 breve tempo possibile, in ogni caso entro un mese.<\/p>\n\n\n\n<h3 class=\"wp-block-heading\">8. Trasferimento dei Dati all&#8217;Estero<\/h3>\n\n\n\n<p>Il Titolare del Trattamento si riserva la facolt\u00e0 di trasferire i dati personali verso paesi terzi al di fuori dell&#8217;Unione Europea. Tale trasferimento \u00e8 legittimato qualora avvenga verso un paese destinatario di una decisione di adeguatezza della Commissione Europea o sulla base di garanzie adeguate (come le Clausole Contrattuali Standard &#8211; SCC) o, in assenza di tali condizioni, se sussiste una delle deroghe previste dal GDPR (es. il consenso esplicito dell&#8217;interessato).<\/p>\n\n\n\n<p>[<strong>NOTA PER TE:<\/strong> Se usi servizi come Google Workspace, Mailchimp, AWS, ecc., \u00e8 probabile che avvenga un trasferimento di dati verso gli USA. Devi specificarlo qui e indicare che il trasferimento \u00e8 basato sulle Clausole Contrattuali Standard o altre garanzie adeguate.]<\/p>\n\n\n\n<h3 class=\"wp-block-heading\">9. Modifiche a questa Privacy Policy<\/h3>\n\n\n\n<p>Il Titolare del Trattamento si riserva il diritto di apportare modifiche alla presente privacy policy in qualunque momento dandone pubblicit\u00e0 agli Utenti su questa pagina. Si prega dunque di consultare regolarmente questa pagina, facendo riferimento alla data di ultima modifica indicata in fondo.<\/p>\n\n\n\n<p>Qualora le modifiche interessino trattamenti la cui base giuridica \u00e8 il consenso, il Titolare provveder\u00e0 a raccogliere nuovamente il consenso dell\u2019Utente, se necessario.<\/p>\n\n\n\n<hr class=\"wp-block-separator has-alpha-channel-opacity\"\/>\n\n\n\n<p><strong>Ultima modifica: 01 maggio 2025<\/strong><\/p>\n","protected":false},"excerpt":{"rendered":"<p>PRIVACY POLICY DI AUTOMATIZEN.CO Data di entrata in vigore: 01 maggio 2025 La presente Privacy Policy descrive come vengono raccolti, utilizzati e condivisi i dati personali degli utenti quando visitano o interagiscono con il sito web automatizen.co (di seguito, il &#8220;Sito&#8221;). Il rispetto della privacy dei nostri utenti \u00e8 di massima importanza per noi. Ci [&hellip;]<\/p>\n","protected":false},"author":1,"featured_media":0,"parent":0,"menu_order":0,"comment_status":"closed","ping_status":"open","template":"elementor_theme","meta":{"footnotes":""},"class_list":["post-3","page","type-page","status-publish","hentry"],"_links":{"self":[{"href":"https:\/\/automatizen.co\/en\/wp-json\/wp\/v2\/pages\/3","targetHints":{"allow":["GET"]}}],"collection":[{"href":"https:\/\/automatizen.co\/en\/wp-json\/wp\/v2\/pages"}],"about":[{"href":"https:\/\/automatizen.co\/en\/wp-json\/wp\/v2\/types\/page"}],"author":[{"embeddable":true,"href":"https:\/\/automatizen.co\/en\/wp-json\/wp\/v2\/users\/1"}],"replies":[{"embeddable":true,"href":"https:\/\/automatizen.co\/en\/wp-json\/wp\/v2\/comments?post=3"}],"version-history":[{"count":1,"href":"https:\/\/automatizen.co\/en\/wp-json\/wp\/v2\/pages\/3\/revisions"}],"predecessor-version":[{"id":1339,"href":"https:\/\/automatizen.co\/en\/wp-json\/wp\/v2\/pages\/3\/revisions\/1339"}],"wp:attachment":[{"href":"https:\/\/automatizen.co\/en\/wp-json\/wp\/v2\/media?parent=3"}],"curies":[{"name":"wp","href":"https:\/\/api.w.org\/{rel}","templated":true}]}}